{"id":464,"date":"2023-11-03T05:19:41","date_gmt":"2023-11-03T04:19:41","guid":{"rendered":"https:\/\/apewf.malo.wf\/?page_id=464"},"modified":"2023-11-03T05:19:41","modified_gmt":"2023-11-03T04:19:41","slug":"bilan-parcoursup-2023","status":"publish","type":"page","link":"https:\/\/apewf.malo.wf\/index.php\/bilan-parcoursup-2023\/","title":{"rendered":"Bilan parcoursup 2023"},"content":{"rendered":"\n<p>Bilan de l&rsquo;orientation post baccalaur\u00e9at de 2023, tir\u00e9 du Comit\u00e9 social d\u2019administration sp\u00e9cial de proximit\u00e9 du Vice-rectorat des \u00eeles Wallis et Futuna du 24 juillet 2023<\/p>\n\n\n\n<p>Bilan de la cheffe du service de l&rsquo;information et de l&rsquo;orientation concernant Parcoursup M\u00e9tropole et Nouvelle-Cal\u00e9donie.<\/p>\n\n\n\n<p>On compte&nbsp;:<\/p>\n\n\n\n<p>&#8211;<strong>58 candidatures<\/strong> pour Parcoursup Nouvelle-Cal\u00e9donie (<strong>54 ont eu au moins une proposition<\/strong>)<\/p>\n\n\n\n<p>&#8211;<strong>54 candidatures<\/strong> pour Parcoursup M\u00e9tropole. (<strong>34 ont eu au moins une proposition)<\/strong><\/p>\n\n\n\n<p>On d\u00e9nombre <strong>61<\/strong>% des bacheliers qui <strong>ont formul\u00e9 des v\u0153ux.<\/strong> Cependant, <strong>66 jeunes<\/strong> du territoire <strong>n&rsquo;ont pas<\/strong> du tout <strong>particip\u00e9<\/strong> \u00e0 Parcoursup.<\/p>\n","protected":false},"excerpt":{"rendered":"<p>Bilan de l&rsquo;orientation post baccalaur\u00e9at de 2023, tir\u00e9 du Comit\u00e9 social d\u2019administration sp\u00e9cial de proximit\u00e9 du Vice-rectorat des \u00eeles Wallis et Futuna du 24 juillet 2023 Bilan de la cheffe du service de l&rsquo;information et de l&rsquo;orientation concernant Parcoursup M\u00e9tropole et Nouvelle-Cal\u00e9donie. On compte&nbsp;: &#8211;58 candidatures pour Parcoursup Nouvelle-Cal\u00e9donie (54 ont eu au moins une&hellip; <a class=\"more-link\" href=\"https:\/\/apewf.malo.wf\/index.php\/bilan-parcoursup-2023\/\">Poursuivre la lecture <span class=\"screen-reader-text\">Bilan parcoursup 2023<\/span><\/a><\/p>\n","protected":false},"author":1,"featured_media":0,"parent":0,"menu_order":0,"comment_status":"closed","ping_status":"closed","template":"","meta":{"footnotes":""},"class_list":["post-464","page","type-page","status-publish","hentry","entry"],"_links":{"self":[{"href":"https:\/\/apewf.malo.wf\/index.php\/wp-json\/wp\/v2\/pages\/464","targetHints":{"allow":["GET"]}}],"collection":[{"href":"https:\/\/apewf.malo.wf\/index.php\/wp-json\/wp\/v2\/pages"}],"about":[{"href":"https:\/\/apewf.malo.wf\/index.php\/wp-json\/wp\/v2\/types\/page"}],"author":[{"embeddable":true,"href":"https:\/\/apewf.malo.wf\/index.php\/wp-json\/wp\/v2\/users\/1"}],"replies":[{"embeddable":true,"href":"https:\/\/apewf.malo.wf\/index.php\/wp-json\/wp\/v2\/comments?post=464"}],"version-history":[{"count":1,"href":"https:\/\/apewf.malo.wf\/index.php\/wp-json\/wp\/v2\/pages\/464\/revisions"}],"predecessor-version":[{"id":465,"href":"https:\/\/apewf.malo.wf\/index.php\/wp-json\/wp\/v2\/pages\/464\/revisions\/465"}],"wp:attachment":[{"href":"https:\/\/apewf.malo.wf\/index.php\/wp-json\/wp\/v2\/media?parent=464"}],"curies":[{"name":"wp","href":"https:\/\/api.w.org\/{rel}","templated":true}]}}