{"id":421,"date":"2023-09-29T05:56:37","date_gmt":"2023-09-29T03:56:37","guid":{"rendered":"https:\/\/apewf.malo.wf\/?page_id=421"},"modified":"2023-11-10T04:17:18","modified_gmt":"2023-11-10T03:17:18","slug":"aide-au-logement","status":"publish","type":"page","link":"https:\/\/apewf.malo.wf\/index.php\/aide-au-logement\/","title":{"rendered":"Aides CROUS"},"content":{"rendered":"\n<p>Sur crit\u00e8res sociaux, le Centre r\u00e9gional des \u0153uvres universitaires et scolaires peut vous aider \u00e0 vous loger, de plus amples informations sur le lien suivant: <a href=\"https:\/\/trouverunlogement.lescrous.fr\/\" data-type=\"link\" data-id=\"https:\/\/trouverunlogement.lescrous.fr\/\" target=\"_blank\" rel=\"noreferrer noopener\">https:\/\/trouverunlogement.lescrous.fr<\/a><\/p>\n\n\n\n<p>La restauration du Crous pour les \u00e9tudiants boursiers ou non.<br>Il est propos\u00e9 un repas complet pour 3,30 \u20ac pour les non-boursiers et 1 \u20ac pour les boursiers et les \u00e9tudiants en situation de pr\u00e9carit\u00e9. Les sites de restaurations sont nombreux, il suffit de se renseigner sur votre lieu d&rsquo;\u00e9tudes<\/p>\n","protected":false},"excerpt":{"rendered":"<p>Sur crit\u00e8res sociaux, le Centre r\u00e9gional des \u0153uvres universitaires et scolaires peut vous aider \u00e0 vous loger, de plus amples informations sur le lien suivant: https:\/\/trouverunlogement.lescrous.fr La restauration du Crous pour les \u00e9tudiants boursiers ou non.Il est propos\u00e9 un repas complet pour 3,30 \u20ac pour les non-boursiers et 1 \u20ac pour les boursiers et les&hellip; <a class=\"more-link\" href=\"https:\/\/apewf.malo.wf\/index.php\/aide-au-logement\/\">Poursuivre la lecture <span class=\"screen-reader-text\">Aides CROUS<\/span><\/a><\/p>\n","protected":false},"author":1,"featured_media":0,"parent":0,"menu_order":0,"comment_status":"closed","ping_status":"closed","template":"","meta":{"footnotes":""},"class_list":["post-421","page","type-page","status-publish","hentry","entry"],"_links":{"self":[{"href":"https:\/\/apewf.malo.wf\/index.php\/wp-json\/wp\/v2\/pages\/421","targetHints":{"allow":["GET"]}}],"collection":[{"href":"https:\/\/apewf.malo.wf\/index.php\/wp-json\/wp\/v2\/pages"}],"about":[{"href":"https:\/\/apewf.malo.wf\/index.php\/wp-json\/wp\/v2\/types\/page"}],"author":[{"embeddable":true,"href":"https:\/\/apewf.malo.wf\/index.php\/wp-json\/wp\/v2\/users\/1"}],"replies":[{"embeddable":true,"href":"https:\/\/apewf.malo.wf\/index.php\/wp-json\/wp\/v2\/comments?post=421"}],"version-history":[{"count":2,"href":"https:\/\/apewf.malo.wf\/index.php\/wp-json\/wp\/v2\/pages\/421\/revisions"}],"predecessor-version":[{"id":509,"href":"https:\/\/apewf.malo.wf\/index.php\/wp-json\/wp\/v2\/pages\/421\/revisions\/509"}],"wp:attachment":[{"href":"https:\/\/apewf.malo.wf\/index.php\/wp-json\/wp\/v2\/media?parent=421"}],"curies":[{"name":"wp","href":"https:\/\/api.w.org\/{rel}","templated":true}]}}