{"id":397,"date":"2023-09-29T04:18:00","date_gmt":"2023-09-29T02:18:00","guid":{"rendered":"https:\/\/apewf.malo.wf\/?page_id=397"},"modified":"2023-11-13T04:57:45","modified_gmt":"2023-11-13T03:57:45","slug":"2-parcoursup","status":"publish","type":"page","link":"https:\/\/apewf.malo.wf\/index.php\/2-parcoursup\/","title":{"rendered":"2 parcoursup 1 document"},"content":{"rendered":"\n<p>Voici un seul document de synth\u00e8se, parcoursup dans ses deux versions Nouvelle-Cal\u00e9donie et m\u00e9tropole pour 2023- 2024.<\/p>\n\n\n\n<p>Nous nous permettons donc de vous proposer ce document provenant du vice-rectorat de Nouvelle-Cal\u00e9donie et produit par le Service de l\u2019affectation, de l\u2019information et de l\u2019orientation de Nouvelle-Cal\u00e9donie.<\/p>\n\n\n\n<div data-wp-interactive=\"core\/file\" class=\"wp-block-file\"><object data-wp-bind--hidden=\"!state.hasPdfPreview\" hidden class=\"wp-block-file__embed\" data=\"https:\/\/apewf.malo.wf\/wp-content\/uploads\/2023\/09\/vr_nc_calendrier_compare_parcoursup_nc_2023_-_parcoursup_fr_2024-1.pdf\" type=\"application\/pdf\" style=\"width:100%;height:600px\" aria-label=\"Contenu embarqu\u00e9 vr_nc_calendrier_compare_parcoursup_nc_2023_-_parcoursup_fr_2024-1.\"><\/object><a id=\"wp-block-file--media-a2def3a9-3ce7-4a68-982e-e927176871ea\" href=\"https:\/\/apewf.malo.wf\/wp-content\/uploads\/2023\/09\/vr_nc_calendrier_compare_parcoursup_nc_2023_-_parcoursup_fr_2024-1.pdf\">vr_nc_calendrier_compare_parcoursup_nc_2023_-_parcoursup_fr_2024-1<\/a><a href=\"https:\/\/apewf.malo.wf\/wp-content\/uploads\/2023\/09\/vr_nc_calendrier_compare_parcoursup_nc_2023_-_parcoursup_fr_2024-1.pdf\" class=\"wp-block-file__button wp-element-button\" download aria-describedby=\"wp-block-file--media-a2def3a9-3ce7-4a68-982e-e927176871ea\">T\u00e9l\u00e9charger<\/a><\/div>\n\n\n\n<p>Voici le lien pour acc\u00e9der \u00e0\u00a0<strong>La proc\u00e9dure nationale<\/strong>\u00a0de Parcoursup<\/p>\n\n\n\n<p><a href=\"https:\/\/www.parcoursup.fr\/\">https:\/\/www.parcoursup.fr\/<\/a><\/p>\n\n\n\n<p>Voici le lien pour acc\u00e9der \u00e0&nbsp;<strong>La proc\u00e9dure sp\u00e9cifique cal\u00e9donienne<\/strong>&nbsp;de Parcoursup<\/p>\n\n\n\n<p><a href=\"https:\/\/www.parcoursup-nouvelle-caledonie.fr\/\" target=\"_blank\" rel=\"noreferrer noopener\">https:\/\/www.parcoursup-nouvelle-caledonie.fr\/<\/a><\/p>\n","protected":false},"excerpt":{"rendered":"<p>Voici un seul document de synth\u00e8se, parcoursup dans ses deux versions Nouvelle-Cal\u00e9donie et m\u00e9tropole pour 2023- 2024. Nous nous permettons donc de vous proposer ce document provenant du vice-rectorat de Nouvelle-Cal\u00e9donie et produit par le Service de l\u2019affectation, de l\u2019information et de l\u2019orientation de Nouvelle-Cal\u00e9donie. Voici le lien pour acc\u00e9der \u00e0\u00a0La proc\u00e9dure nationale\u00a0de Parcoursup https:\/\/www.parcoursup.fr\/&hellip; <a class=\"more-link\" href=\"https:\/\/apewf.malo.wf\/index.php\/2-parcoursup\/\">Poursuivre la lecture <span class=\"screen-reader-text\">2 parcoursup 1 document<\/span><\/a><\/p>\n","protected":false},"author":1,"featured_media":0,"parent":0,"menu_order":0,"comment_status":"closed","ping_status":"closed","template":"","meta":{"footnotes":""},"class_list":["post-397","page","type-page","status-publish","hentry","entry"],"_links":{"self":[{"href":"https:\/\/apewf.malo.wf\/index.php\/wp-json\/wp\/v2\/pages\/397","targetHints":{"allow":["GET"]}}],"collection":[{"href":"https:\/\/apewf.malo.wf\/index.php\/wp-json\/wp\/v2\/pages"}],"about":[{"href":"https:\/\/apewf.malo.wf\/index.php\/wp-json\/wp\/v2\/types\/page"}],"author":[{"embeddable":true,"href":"https:\/\/apewf.malo.wf\/index.php\/wp-json\/wp\/v2\/users\/1"}],"replies":[{"embeddable":true,"href":"https:\/\/apewf.malo.wf\/index.php\/wp-json\/wp\/v2\/comments?post=397"}],"version-history":[{"count":7,"href":"https:\/\/apewf.malo.wf\/index.php\/wp-json\/wp\/v2\/pages\/397\/revisions"}],"predecessor-version":[{"id":531,"href":"https:\/\/apewf.malo.wf\/index.php\/wp-json\/wp\/v2\/pages\/397\/revisions\/531"}],"wp:attachment":[{"href":"https:\/\/apewf.malo.wf\/index.php\/wp-json\/wp\/v2\/media?parent=397"}],"curies":[{"name":"wp","href":"https:\/\/api.w.org\/{rel}","templated":true}]}}