{"id":38,"date":"2023-08-04T06:22:01","date_gmt":"2023-08-04T04:22:01","guid":{"rendered":"https:\/\/apewf.malo.wf\/?page_id=38"},"modified":"2023-11-13T04:19:30","modified_gmt":"2023-11-13T03:19:30","slug":"vous-avez-besoin-de-nous-nous-avons-besoin-de-vous-respect-de-chacun","status":"publish","type":"page","link":"https:\/\/apewf.malo.wf\/index.php\/vous-avez-besoin-de-nous-nous-avons-besoin-de-vous-respect-de-chacun\/","title":{"rendered":"Aide r\u00e9ciproque, vous joindre, nous joindre"},"content":{"rendered":"\n<p><strong>VOUS AVEZ BESOIN DE NOUS, NOUS AVONS BESOIN DE VOUS! RESPECT DE CHACUN.<\/strong><\/p>\n\n\n\n<p>Les donn\u00e9es qui sont collect\u00e9es sur le site de l&rsquo;Association des parents d&rsquo;\u00e9tudiants de Wallis-et-Futuna, le sont pour un but bien d\u00e9termin\u00e9, mieux conna\u00eetre le profil des \u00e9tudiants du territoire.<\/p>\n\n\n\n<p>Si vous nous avez confi\u00e9 vos donn\u00e9es et que vous souhaitez les changer, il suffit de nous contacter.<\/p>\n\n\n\n<p>Les donn\u00e9es que vous nous communiquez ne seront conserv\u00e9es que dans le but d&rsquo;avoir de statistiques sur le long terme pour \u00e9tayer nos demandes aupr\u00e8s des institutions locales pour faire \u00e9voluer les pratiques au b\u00e9n\u00e9fice de nos jeunes \u00e9tudiants.<\/p>\n\n\n\n<p>Seules 2 personnes \u00e0 compter du 1er ao\u00fbt 2023 ont les droits d&rsquo;acc\u00e8s au contenu du site: Mme Esther FILITIKA, vice-pr\u00e9sidente de l&rsquo;Association et M. Dominique BERT membre de l&rsquo;association et volontaire \u00e0 la mise en place du site Internet.<\/p>\n\n\n\n<p>Si nous pouvons sur de rares cas individuels pouvant faire \u00ab\u00a0jurisprudence\u00a0\u00bb, intervenir aupr\u00e8s des institutions, pour faire avancer des situations iniques. L&rsquo;association a pour but d\u2019\u0153uvrer pour l\u2019am\u00e9lioration des conditions de vie de&nbsp;<strong>TOUS<\/strong>&nbsp;nos \u00e9tudiants de&nbsp;<strong>mani\u00e8re impartiale et universelle<\/strong>. L\u2019association n\u2019a pas vocation a intervenir tout azimut sur tous les probl\u00e8mes, mais si vous n\u2019avez pas de solution, <strong>vous pouvez nous contacter<\/strong> par mail:&nbsp;<strong>apewf986@gmail.com<\/strong><\/p>\n\n\n\n<p>Nous essayerons de mettre tout en oeuvre pour vous aider!<\/p>\n","protected":false},"excerpt":{"rendered":"<p>VOUS AVEZ BESOIN DE NOUS, NOUS AVONS BESOIN DE VOUS! RESPECT DE CHACUN. Les donn\u00e9es qui sont collect\u00e9es sur le site de l&rsquo;Association des parents d&rsquo;\u00e9tudiants de Wallis-et-Futuna, le sont pour un but bien d\u00e9termin\u00e9, mieux conna\u00eetre le profil des \u00e9tudiants du territoire. Si vous nous avez confi\u00e9 vos donn\u00e9es et que vous souhaitez les&hellip; <a class=\"more-link\" href=\"https:\/\/apewf.malo.wf\/index.php\/vous-avez-besoin-de-nous-nous-avons-besoin-de-vous-respect-de-chacun\/\">Poursuivre la lecture <span class=\"screen-reader-text\">Aide r\u00e9ciproque, vous joindre, nous joindre<\/span><\/a><\/p>\n","protected":false},"author":1,"featured_media":0,"parent":0,"menu_order":0,"comment_status":"closed","ping_status":"closed","template":"","meta":{"footnotes":""},"class_list":["post-38","page","type-page","status-publish","hentry","entry"],"_links":{"self":[{"href":"https:\/\/apewf.malo.wf\/index.php\/wp-json\/wp\/v2\/pages\/38","targetHints":{"allow":["GET"]}}],"collection":[{"href":"https:\/\/apewf.malo.wf\/index.php\/wp-json\/wp\/v2\/pages"}],"about":[{"href":"https:\/\/apewf.malo.wf\/index.php\/wp-json\/wp\/v2\/types\/page"}],"author":[{"embeddable":true,"href":"https:\/\/apewf.malo.wf\/index.php\/wp-json\/wp\/v2\/users\/1"}],"replies":[{"embeddable":true,"href":"https:\/\/apewf.malo.wf\/index.php\/wp-json\/wp\/v2\/comments?post=38"}],"version-history":[{"count":8,"href":"https:\/\/apewf.malo.wf\/index.php\/wp-json\/wp\/v2\/pages\/38\/revisions"}],"predecessor-version":[{"id":525,"href":"https:\/\/apewf.malo.wf\/index.php\/wp-json\/wp\/v2\/pages\/38\/revisions\/525"}],"wp:attachment":[{"href":"https:\/\/apewf.malo.wf\/index.php\/wp-json\/wp\/v2\/media?parent=38"}],"curies":[{"name":"wp","href":"https:\/\/api.w.org\/{rel}","templated":true}]}}