{"id":379,"date":"2023-09-28T05:25:49","date_gmt":"2023-09-28T03:25:49","guid":{"rendered":"https:\/\/apewf.malo.wf\/?page_id=379"},"modified":"2023-11-14T21:03:22","modified_gmt":"2023-11-14T20:03:22","slug":"verifier-la-validite-de-votre-passeport","status":"publish","type":"page","link":"https:\/\/apewf.malo.wf\/index.php\/verifier-la-validite-de-votre-passeport\/","title":{"rendered":"Un passage obligatoire \u00e0 la Circo d&rsquo;Uvea ou \u00e0 la D\u00e9l\u00e9gation de Futuna"},"content":{"rendered":"\n<p><\/p>\n\n\n\n<p><strong>Passeport valide! Carte Nationale d&rsquo;Identit\u00e9 &#8211; Extrait d&rsquo;acte de naissance et NIR<\/strong>, <strong>des documents indispensables pour partir<\/strong><\/p>\n\n\n\n<p><strong>Passeport<\/strong><\/p>\n\n\n\n<p>Il est indispensable d&rsquo;avoir un <strong>passeport<\/strong> pour voyager et rejoindre l&rsquo;Europe! V\u00e9rifier que votre <strong>passeport soit en cours de validit\u00e9<\/strong>, il serait dommage de manquer la rentr\u00e9e pour un passeport! Les d\u00e9lais pour obtenir un passeport sont assez long, il faut compter 50 jours pour obtenir le pr\u00e9cieux document de voyage. <strong>Il faut s&rsquo;y prendre \u00e0 l&rsquo;avance<\/strong>, tr\u00e8s \u00e0 l&rsquo;avance pour \u00e9viter des soucis inutiles&#8230; voici <a rel=\"noreferrer noopener\" href=\"https:\/\/www.wallis-et-futuna.gouv.fr\/Demarches\/Passeport\" target=\"_blank\">le lien<\/a> pour conna\u00eetre les modalit\u00e9s pour obtenir passeport \u00e0 Wallis-et-Futuna.<\/p>\n\n\n\n<p><strong>Carte Nationale d&rsquo;Identit\u00e9<\/strong><\/p>\n\n\n\n<p>Faites aussi une demande <strong>Carte Nationale d&rsquo;Identit\u00e9<\/strong>, ce document d\u00e9livr\u00e9 gratuitement, vous \u00e9vitera de pr\u00e9senter votre passeport et sera votre pi\u00e8ce d&rsquo;identit\u00e9 du quotidien. Voici <a href=\"https:\/\/www.wallis-et-futuna.gouv.fr\/Demarches\/Carte-Nationale-d-Identite\" target=\"_blank\" rel=\"noreferrer noopener\">le lien<\/a> pour conna\u00eetre les modalit\u00e9s pour obtenir passeport \u00e0 Wallis-et-Futuna.<\/p>\n\n\n\n<p><strong>Extrait d&rsquo;acte de naissance<\/strong><\/p>\n\n\n\n<p>Avant de partir, il vous est aussi conseill\u00e9 de retirer aupr\u00e8s des services de la Circonscription un Extrait d&rsquo;acte de naissance qui peut vous \u00eatre demand\u00e9 par certaines administrations.<\/p>\n\n\n\n<p><strong>Num\u00e9ro d\u2019inscription au R\u00e9pertoire<\/strong><\/p>\n\n\n\n<p>Avant de partir, il est n\u00e9cessaire d&rsquo;obtenir son NIR. Le NIR ou num\u00e9ro de s\u00e9curit\u00e9 sociale est attribu\u00e9 \u00e0 chaque personne \u00e0 sa naissance sur la base d\u2019\u00e9l\u00e9ments d\u2019\u00e9tat civil transmis par les mairies \u00e0 l\u2019INSEE. (le NIR selon la <a href=\"https:\/\/www.cnil.fr\/fr\/definition\/nir-numero-dinscription-au-repertoire#:~:text=Le%20NIR%20ou%20num%C3%A9ro%20de,les%20mairies%20%C3%A0%20l'INSEE.\" data-type=\"link\" data-id=\"https:\/\/www.cnil.fr\/fr\/definition\/nir-numero-dinscription-au-repertoire#:~:text=Le%20NIR%20ou%20num%C3%A9ro%20de,les%20mairies%20%C3%A0%20l'INSEE.\" target=\"_blank\" rel=\"noreferrer noopener\">CNIL<\/a>) <\/p>\n\n\n\n<p><\/p>\n\n\n\n<p><\/p>\n\n\n\n<p>Pour Wallis-et-Futuna, il faut faire les d\u00e9marches aupr\u00e8s du <strong>bureau des \u00e9lections de la circonscription<\/strong>. Vous devez remplir en&nbsp;<strong>MAJUSCULES ET<\/strong>&nbsp;et au&nbsp;<strong>STYLO NOIR&nbsp;<\/strong>tous les champs du <strong>bulletin de demande NIR<\/strong> (ci-dessous), joindre&nbsp;une copie de votre pi\u00e8ce d&rsquo;identit\u00e9 en cours de validit\u00e9 (carte d&rsquo;identit\u00e9 ou passeport) et&nbsp;<strong>d\u00e9poser le tout au bureau des \u00e9lections de la circonscription<\/strong>. Pour plus d&rsquo;informations, vous pouvez contacter le service concern\u00e9 gr\u00e2ce \u00e0 l&rsquo;adresse \u00e9lectronique qui figure en bas du document.<\/p>\n\n\n\n<p><em>(toutes ces informations sont des aides et ne sauraient se substituer \u00e0 des consignes ou \u00e0 d&rsquo;autres documents \u00e9manant du service administratif cit\u00e9)<\/em><\/p>\n\n\n\n<div data-wp-interactive=\"core\/file\" class=\"wp-block-file\"><object data-wp-bind--hidden=\"!state.hasPdfPreview\" hidden class=\"wp-block-file__embed\" data=\"https:\/\/apewf.malo.wf\/wp-content\/uploads\/2023\/09\/Formulaire-NIR.pdf\" type=\"application\/pdf\" style=\"width:100%;height:600px\" aria-label=\"Contenu embarqu\u00e9 Formulaire-NIR.\"><\/object><a id=\"wp-block-file--media-ac847efb-7847-4374-9b85-eb692bfb3142\" href=\"https:\/\/apewf.malo.wf\/wp-content\/uploads\/2023\/09\/Formulaire-NIR.pdf\">Formulaire-NIR<\/a><a href=\"https:\/\/apewf.malo.wf\/wp-content\/uploads\/2023\/09\/Formulaire-NIR.pdf\" class=\"wp-block-file__button wp-element-button\" download aria-describedby=\"wp-block-file--media-ac847efb-7847-4374-9b85-eb692bfb3142\">T\u00e9l\u00e9charger<\/a><\/div>\n\n\n\n<p><\/p>\n","protected":false},"excerpt":{"rendered":"<p>Passeport valide! Carte Nationale d&rsquo;Identit\u00e9 &#8211; Extrait d&rsquo;acte de naissance et NIR, des documents indispensables pour partir Passeport Il est indispensable d&rsquo;avoir un passeport pour voyager et rejoindre l&rsquo;Europe! V\u00e9rifier que votre passeport soit en cours de validit\u00e9, il serait dommage de manquer la rentr\u00e9e pour un passeport! Les d\u00e9lais pour obtenir un passeport sont&hellip; <a class=\"more-link\" href=\"https:\/\/apewf.malo.wf\/index.php\/verifier-la-validite-de-votre-passeport\/\">Poursuivre la lecture <span class=\"screen-reader-text\">Un passage obligatoire \u00e0 la Circo d&rsquo;Uvea ou \u00e0 la D\u00e9l\u00e9gation de Futuna<\/span><\/a><\/p>\n","protected":false},"author":1,"featured_media":0,"parent":0,"menu_order":0,"comment_status":"closed","ping_status":"closed","template":"","meta":{"footnotes":""},"class_list":["post-379","page","type-page","status-publish","hentry","entry"],"_links":{"self":[{"href":"https:\/\/apewf.malo.wf\/index.php\/wp-json\/wp\/v2\/pages\/379","targetHints":{"allow":["GET"]}}],"collection":[{"href":"https:\/\/apewf.malo.wf\/index.php\/wp-json\/wp\/v2\/pages"}],"about":[{"href":"https:\/\/apewf.malo.wf\/index.php\/wp-json\/wp\/v2\/types\/page"}],"author":[{"embeddable":true,"href":"https:\/\/apewf.malo.wf\/index.php\/wp-json\/wp\/v2\/users\/1"}],"replies":[{"embeddable":true,"href":"https:\/\/apewf.malo.wf\/index.php\/wp-json\/wp\/v2\/comments?post=379"}],"version-history":[{"count":5,"href":"https:\/\/apewf.malo.wf\/index.php\/wp-json\/wp\/v2\/pages\/379\/revisions"}],"predecessor-version":[{"id":566,"href":"https:\/\/apewf.malo.wf\/index.php\/wp-json\/wp\/v2\/pages\/379\/revisions\/566"}],"wp:attachment":[{"href":"https:\/\/apewf.malo.wf\/index.php\/wp-json\/wp\/v2\/media?parent=379"}],"curies":[{"name":"wp","href":"https:\/\/api.w.org\/{rel}","templated":true}]}}