{"id":35,"date":"2023-08-03T02:07:37","date_gmt":"2023-08-03T00:07:37","guid":{"rendered":"https:\/\/apewf.malo.wf\/?page_id=35"},"modified":"2023-09-27T00:43:19","modified_gmt":"2023-09-26T22:43:19","slug":"aide-personnalisee-au-logement-apl-attention-faire-votre-demande-au-plus-vite-des-que-le-premier-jour-de-votre-location","status":"publish","type":"page","link":"https:\/\/apewf.malo.wf\/index.php\/aide-personnalisee-au-logement-apl-attention-faire-votre-demande-au-plus-vite-des-que-le-premier-jour-de-votre-location\/","title":{"rendered":"Aide personnalis\u00e9e au logement"},"content":{"rendered":"\n<p>(APL)&#8230; <strong>ATTENTION: Faire votre demande au plus vite d\u00e8s le premier jour de votre location<\/strong><\/p>\n\n\n\n<p>L\u2019APL est due \u00e0<strong>&nbsp;partir du 1<sup>er<\/sup>&nbsp;jour qui suit le mois de votre demande<\/strong>. Le paiement a lieu quant \u00e0 lui&nbsp;<strong>tous les 5 du mois.<\/strong><\/p>\n\n\n\n<p>Ainsi par exemple&nbsp;:<\/p>\n\n\n\n<p>Vous emm\u00e9nagez le 15 ao\u00fbt, l\u2019ouverture des droits se fera en septembre et le 1<sup>er<\/sup>&nbsp;versement aura lieu le 5 octobre.<\/p>\n\n\n\n<p>Toutes les informations<\/p>\n\n\n\n<div class=\"wp-block-buttons is-layout-flex wp-block-buttons-is-layout-flex\">\n<div class=\"wp-block-button\"><a class=\"wp-block-button__link wp-element-button\" href=\"https:\/\/www.service-public.fr\/particuliers\/vosdroits\/F12006#:~:text=L'APL%20est%20attribu%C3%A9e%20sous,sur%20les%2012%20derniers%20mois.\" target=\"_blank\" rel=\"noreferrer noopener\">Pour plus d&rsquo;infos<\/a><\/div>\n<\/div>\n\n\n\n<p><\/p>\n","protected":false},"excerpt":{"rendered":"<p>(APL)&#8230; ATTENTION: Faire votre demande au plus vite d\u00e8s le premier jour de votre location L\u2019APL est due \u00e0&nbsp;partir du 1er&nbsp;jour qui suit le mois de votre demande. Le paiement a lieu quant \u00e0 lui&nbsp;tous les 5 du mois. Ainsi par exemple&nbsp;: Vous emm\u00e9nagez le 15 ao\u00fbt, l\u2019ouverture des droits se fera en septembre et&hellip; <a class=\"more-link\" href=\"https:\/\/apewf.malo.wf\/index.php\/aide-personnalisee-au-logement-apl-attention-faire-votre-demande-au-plus-vite-des-que-le-premier-jour-de-votre-location\/\">Poursuivre la lecture <span class=\"screen-reader-text\">Aide personnalis\u00e9e au logement<\/span><\/a><\/p>\n","protected":false},"author":1,"featured_media":0,"parent":0,"menu_order":0,"comment_status":"closed","ping_status":"closed","template":"","meta":{"footnotes":""},"class_list":["post-35","page","type-page","status-publish","hentry","entry"],"_links":{"self":[{"href":"https:\/\/apewf.malo.wf\/index.php\/wp-json\/wp\/v2\/pages\/35","targetHints":{"allow":["GET"]}}],"collection":[{"href":"https:\/\/apewf.malo.wf\/index.php\/wp-json\/wp\/v2\/pages"}],"about":[{"href":"https:\/\/apewf.malo.wf\/index.php\/wp-json\/wp\/v2\/types\/page"}],"author":[{"embeddable":true,"href":"https:\/\/apewf.malo.wf\/index.php\/wp-json\/wp\/v2\/users\/1"}],"replies":[{"embeddable":true,"href":"https:\/\/apewf.malo.wf\/index.php\/wp-json\/wp\/v2\/comments?post=35"}],"version-history":[{"count":5,"href":"https:\/\/apewf.malo.wf\/index.php\/wp-json\/wp\/v2\/pages\/35\/revisions"}],"predecessor-version":[{"id":319,"href":"https:\/\/apewf.malo.wf\/index.php\/wp-json\/wp\/v2\/pages\/35\/revisions\/319"}],"wp:attachment":[{"href":"https:\/\/apewf.malo.wf\/index.php\/wp-json\/wp\/v2\/media?parent=35"}],"curies":[{"name":"wp","href":"https:\/\/api.w.org\/{rel}","templated":true}]}}