{"id":32,"date":"2023-08-03T01:38:25","date_gmt":"2023-08-02T23:38:25","guid":{"rendered":"https:\/\/apewf.malo.wf\/?page_id=32"},"modified":"2024-05-15T02:12:57","modified_gmt":"2024-05-15T00:12:57","slug":"une-aide-pour-comprendre-et-savoir-si-vous-etes-eligible-au-passeport-mobilite-etude","status":"publish","type":"page","link":"https:\/\/apewf.malo.wf\/index.php\/une-aide-pour-comprendre-et-savoir-si-vous-etes-eligible-au-passeport-mobilite-etude\/","title":{"rendered":"PASSEPORT MOBILITE"},"content":{"rendered":"\n<p>Une aide pour comprendre et savoir si vous \u00eates \u00e9ligible au Passeport Mobilit\u00e9 Etude.<\/p>\n\n\n\n<p><strong>&nbsp;\u00ab&nbsp;Le Passeport pour la mobilit\u00e9 des \u00e9tudes&nbsp;[PME] est une aide de l\u2019Etat au transport sur demande de l\u2019\u00e9tudiant entre sa collectivit\u00e9 de r\u00e9sidence vers la m\u00e9tropole, vers une autre collectivit\u00e9 d\u2019outre-mer ou vers un pays de l\u2019Union Europ\u00e9enne&nbsp;\u00bb<\/strong><\/p>\n\n\n\n<p><strong>Le Passeport mobilit\u00e9 \u00e9tudes est un dispositif mis en place par l\u2019Etat commun \u00e0 tous les Outre-mer fran\u00e7ais, sauf qu\u2019ici il y a un plafond de remboursement<strong> Wallis-et-Futuna<\/strong>!\u2026<\/strong><\/p>\n\n\n\n<p>Pour votre aide, voici <strong>la vid\u00e9o explicative<\/strong> (tir\u00e9e du site de la Polyn\u00e9sie Fran\u00e7aise)\u2026 <\/p>\n\n\n\n<figure class=\"wp-block-embed is-type-video is-provider-youtube wp-block-embed-youtube wp-embed-aspect-16-9 wp-has-aspect-ratio\"><div class=\"wp-block-embed__wrapper\">\n<iframe loading=\"lazy\" title=\"Continuite\u0301 territoriale_Passeport pour la mobilit\u00e9 des \u00e9tudes\" width=\"750\" height=\"422\" src=\"https:\/\/www.youtube.com\/embed\/SNqj7m7NSmg?start=10&#038;feature=oembed\" frameborder=\"0\" allow=\"accelerometer; autoplay; clipboard-write; encrypted-media; gyroscope; picture-in-picture; web-share\" referrerpolicy=\"strict-origin-when-cross-origin\" allowfullscreen><\/iframe>\n<\/div><figcaption class=\"wp-element-caption\">Des nouveaut\u00e9s sont \u00e0 rajouter \u00e0 compter de 2024:<\/figcaption><\/figure>\n\n\n\n<p>Un billet suppl\u00e9mentaire est possible pour les n\u00e9o bacheliers de l&rsquo;ann\u00e9e de d\u00e9part et ce pendant uniquement la premi\u00e8re ann\u00e9e d&rsquo;\u00e9tudes.<\/p>\n\n\n\n<p>Le quotient familial (revenu\/ nombre de parts) doit \u00eatre inf\u00e9rieur ou \u00e9gal \u00e0 <strong>3.738.734 F CFP<\/strong>  (nouveau montant de 2024) de revenus annuels avant d\u00e9ductions et abattements d\u00e9clar\u00e9s \u00e0 l\u2019administration pour une prise en charge partielle (50%)<\/p>\n\n\n\n<p>Pour les boursiers d\u2019Etat, la prise en charge est totale (100%).<\/p>\n\n\n\n<p>Nouveau calcul (2024) du quotient familial<\/p>\n\n\n\n<figure class=\"wp-block-image size-full is-resized\"><img loading=\"lazy\" decoding=\"async\" width=\"491\" height=\"469\" src=\"https:\/\/apewf.malo.wf\/wp-content\/uploads\/2024\/05\/image.png\" alt=\"\" class=\"wp-image-584\" style=\"width:616px;height:auto\" srcset=\"https:\/\/apewf.malo.wf\/wp-content\/uploads\/2024\/05\/image.png 491w, https:\/\/apewf.malo.wf\/wp-content\/uploads\/2024\/05\/image-300x287.png 300w\" sizes=\"auto, (max-width: 491px) 100vw, 491px\" \/><\/figure>\n","protected":false},"excerpt":{"rendered":"<p>Une aide pour comprendre et savoir si vous \u00eates \u00e9ligible au Passeport Mobilit\u00e9 Etude. &nbsp;\u00ab&nbsp;Le Passeport pour la mobilit\u00e9 des \u00e9tudes&nbsp;[PME] est une aide de l\u2019Etat au transport sur demande de l\u2019\u00e9tudiant entre sa collectivit\u00e9 de r\u00e9sidence vers la m\u00e9tropole, vers une autre collectivit\u00e9 d\u2019outre-mer ou vers un pays de l\u2019Union Europ\u00e9enne&nbsp;\u00bb Le Passeport mobilit\u00e9&hellip; <a class=\"more-link\" href=\"https:\/\/apewf.malo.wf\/index.php\/une-aide-pour-comprendre-et-savoir-si-vous-etes-eligible-au-passeport-mobilite-etude\/\">Poursuivre la lecture <span class=\"screen-reader-text\">PASSEPORT MOBILITE<\/span><\/a><\/p>\n","protected":false},"author":1,"featured_media":0,"parent":0,"menu_order":0,"comment_status":"closed","ping_status":"closed","template":"","meta":{"footnotes":""},"class_list":["post-32","page","type-page","status-publish","hentry","entry"],"_links":{"self":[{"href":"https:\/\/apewf.malo.wf\/index.php\/wp-json\/wp\/v2\/pages\/32","targetHints":{"allow":["GET"]}}],"collection":[{"href":"https:\/\/apewf.malo.wf\/index.php\/wp-json\/wp\/v2\/pages"}],"about":[{"href":"https:\/\/apewf.malo.wf\/index.php\/wp-json\/wp\/v2\/types\/page"}],"author":[{"embeddable":true,"href":"https:\/\/apewf.malo.wf\/index.php\/wp-json\/wp\/v2\/users\/1"}],"replies":[{"embeddable":true,"href":"https:\/\/apewf.malo.wf\/index.php\/wp-json\/wp\/v2\/comments?post=32"}],"version-history":[{"count":10,"href":"https:\/\/apewf.malo.wf\/index.php\/wp-json\/wp\/v2\/pages\/32\/revisions"}],"predecessor-version":[{"id":585,"href":"https:\/\/apewf.malo.wf\/index.php\/wp-json\/wp\/v2\/pages\/32\/revisions\/585"}],"wp:attachment":[{"href":"https:\/\/apewf.malo.wf\/index.php\/wp-json\/wp\/v2\/media?parent=32"}],"curies":[{"name":"wp","href":"https:\/\/api.w.org\/{rel}","templated":true}]}}