{"id":264,"date":"2023-09-22T01:01:05","date_gmt":"2023-09-21T23:01:05","guid":{"rendered":"https:\/\/apewf.malo.wf\/?page_id=264"},"modified":"2023-09-22T01:01:06","modified_gmt":"2023-09-21T23:01:06","slug":"des-tests-de-positionnement-a-lentree-en-licence-peuvent-vous-etre-demandes","status":"publish","type":"page","link":"https:\/\/apewf.malo.wf\/index.php\/des-tests-de-positionnement-a-lentree-en-licence-peuvent-vous-etre-demandes\/","title":{"rendered":"Des tests de positionnement \u00e0 l\u2019entr\u00e9e en Licence peuvent vous \u00eatre demand\u00e9s"},"content":{"rendered":"\n<p><em>Ces tests de positionnement<\/em>, le plus souvent obligatoire sont r\u00e9alis\u00e9s sur Internet.<\/p>\n\n\n\n<p>L\u2019acc\u00e8s aux&nbsp;plates-formes&nbsp;permet d&rsquo;effectuer les tests en ligne. Il faut cependant faire attention \u00e0 certains tests qui sont soumis \u00e0 des cr\u00e9neaux d\u00e9finis (heures, dates, nombre de reconnexions pr\u00e9d\u00e9finis\u2026). En plus de bien r\u00e9aliser les tests dans les cr\u00e9neaux impartis, il convient sur le nombre de reconnexions pr\u00e9d\u00e9fini d\u2019\u00eatre tr\u00e8s prudent de ne pas attendre le dernier moment, surtout \u00e0 Wallis-et-Futuna o\u00f9 les micros coupures d\u2019Internet peuvent occasionner une reconnexion et grignoter votre nombre de reconnexions possibles.<\/p>\n\n\n\n<p><em>Ces tests de positionnement<\/em> vont permettre aux enseignants de conseiller les \u00e9tudiants et pour cela v\u00e9rifier l&rsquo;\u00e9tat de leurs connaissances lors de l&rsquo;entr\u00e9e \u00e0 l&rsquo;<em>universit\u00e9.<\/em><\/p>\n","protected":false},"excerpt":{"rendered":"<p>Ces tests de positionnement, le plus souvent obligatoire sont r\u00e9alis\u00e9s sur Internet. L\u2019acc\u00e8s aux&nbsp;plates-formes&nbsp;permet d&rsquo;effectuer les tests en ligne. Il faut cependant faire attention \u00e0 certains tests qui sont soumis \u00e0 des cr\u00e9neaux d\u00e9finis (heures, dates, nombre de reconnexions pr\u00e9d\u00e9finis\u2026). En plus de bien r\u00e9aliser les tests dans les cr\u00e9neaux impartis, il convient sur le&hellip; <a class=\"more-link\" href=\"https:\/\/apewf.malo.wf\/index.php\/des-tests-de-positionnement-a-lentree-en-licence-peuvent-vous-etre-demandes\/\">Poursuivre la lecture <span class=\"screen-reader-text\">Des tests de positionnement \u00e0 l\u2019entr\u00e9e en Licence peuvent vous \u00eatre demand\u00e9s<\/span><\/a><\/p>\n","protected":false},"author":1,"featured_media":0,"parent":0,"menu_order":0,"comment_status":"closed","ping_status":"closed","template":"","meta":{"footnotes":""},"class_list":["post-264","page","type-page","status-publish","hentry","entry"],"_links":{"self":[{"href":"https:\/\/apewf.malo.wf\/index.php\/wp-json\/wp\/v2\/pages\/264","targetHints":{"allow":["GET"]}}],"collection":[{"href":"https:\/\/apewf.malo.wf\/index.php\/wp-json\/wp\/v2\/pages"}],"about":[{"href":"https:\/\/apewf.malo.wf\/index.php\/wp-json\/wp\/v2\/types\/page"}],"author":[{"embeddable":true,"href":"https:\/\/apewf.malo.wf\/index.php\/wp-json\/wp\/v2\/users\/1"}],"replies":[{"embeddable":true,"href":"https:\/\/apewf.malo.wf\/index.php\/wp-json\/wp\/v2\/comments?post=264"}],"version-history":[{"count":1,"href":"https:\/\/apewf.malo.wf\/index.php\/wp-json\/wp\/v2\/pages\/264\/revisions"}],"predecessor-version":[{"id":267,"href":"https:\/\/apewf.malo.wf\/index.php\/wp-json\/wp\/v2\/pages\/264\/revisions\/267"}],"wp:attachment":[{"href":"https:\/\/apewf.malo.wf\/index.php\/wp-json\/wp\/v2\/media?parent=264"}],"curies":[{"name":"wp","href":"https:\/\/api.w.org\/{rel}","templated":true}]}}