{"id":26,"date":"2023-08-03T00:42:45","date_gmt":"2023-08-02T22:42:45","guid":{"rendered":"https:\/\/apewf.malo.wf\/?page_id=26"},"modified":"2023-11-13T05:28:19","modified_gmt":"2023-11-13T04:28:19","slug":"pour-se-faire-une-idee-du-profil-attendu-pour-la-formation-que-vous-envisagez-explorer-les-donnees-de-parcoursup-2022","status":"publish","type":"page","link":"https:\/\/apewf.malo.wf\/index.php\/pour-se-faire-une-idee-du-profil-attendu-pour-la-formation-que-vous-envisagez-explorer-les-donnees-de-parcoursup-2022\/","title":{"rendered":"Aides pour vos choix au travers des donn\u00e9es de Parcoursup 2022"},"content":{"rendered":"\n<p>Explorer les donn\u00e9es de Parcoursup 2022 pour conna\u00eetre les <strong>Caract\u00e9ristiques des n\u00e9o-bacheliers ayant accept\u00e9<\/strong> telle ou telle formation (s\u00e9rie, mention, origine g\u00e9ographique&#8230;)<\/p>\n\n\n\n<div class=\"wp-block-buttons is-layout-flex wp-block-buttons-is-layout-flex\">\n<div class=\"wp-block-button\"><a class=\"wp-block-button__link wp-element-button\">https:\/\/data.enseignementsup-recherche.gouv.fr\/pages\/parcoursupdata\/?disjunctive.fili&amp;sort=tri<\/a><\/div>\n<\/div>\n","protected":false},"excerpt":{"rendered":"<p>Explorer les donn\u00e9es de Parcoursup 2022 pour conna\u00eetre les Caract\u00e9ristiques des n\u00e9o-bacheliers ayant accept\u00e9 telle ou telle formation (s\u00e9rie, mention, origine g\u00e9ographique&#8230;)<\/p>\n","protected":false},"author":1,"featured_media":0,"parent":0,"menu_order":0,"comment_status":"closed","ping_status":"closed","template":"","meta":{"footnotes":""},"class_list":["post-26","page","type-page","status-publish","hentry","entry"],"_links":{"self":[{"href":"https:\/\/apewf.malo.wf\/index.php\/wp-json\/wp\/v2\/pages\/26","targetHints":{"allow":["GET"]}}],"collection":[{"href":"https:\/\/apewf.malo.wf\/index.php\/wp-json\/wp\/v2\/pages"}],"about":[{"href":"https:\/\/apewf.malo.wf\/index.php\/wp-json\/wp\/v2\/types\/page"}],"author":[{"embeddable":true,"href":"https:\/\/apewf.malo.wf\/index.php\/wp-json\/wp\/v2\/users\/1"}],"replies":[{"embeddable":true,"href":"https:\/\/apewf.malo.wf\/index.php\/wp-json\/wp\/v2\/comments?post=26"}],"version-history":[{"count":5,"href":"https:\/\/apewf.malo.wf\/index.php\/wp-json\/wp\/v2\/pages\/26\/revisions"}],"predecessor-version":[{"id":549,"href":"https:\/\/apewf.malo.wf\/index.php\/wp-json\/wp\/v2\/pages\/26\/revisions\/549"}],"wp:attachment":[{"href":"https:\/\/apewf.malo.wf\/index.php\/wp-json\/wp\/v2\/media?parent=26"}],"curies":[{"name":"wp","href":"https:\/\/api.w.org\/{rel}","templated":true}]}}