{"id":228,"date":"2023-09-18T21:53:50","date_gmt":"2023-09-18T19:53:50","guid":{"rendered":"https:\/\/apewf.malo.wf\/?page_id=228"},"modified":"2023-09-27T00:41:09","modified_gmt":"2023-09-26T22:41:09","slug":"entrevue-de-lassociation-avec-monsieur-le-prefet-jonathan-le-21-avril-2023-problematique-du-passeport-mobilite-etudiant-soumis-a-un-plafond","status":"publish","type":"page","link":"https:\/\/apewf.malo.wf\/index.php\/entrevue-de-lassociation-avec-monsieur-le-prefet-jonathan-le-21-avril-2023-problematique-du-passeport-mobilite-etudiant-soumis-a-un-plafond\/","title":{"rendered":"Entrevue avec Monsieur le Pr\u00e9fet"},"content":{"rendered":"\n<p>JONATHAN le 21 avril 2023 : probl\u00e9matique du Passeport Mobilit\u00e9 Etudiant soumis \u00e0 un plafond<\/p>\n\n\n\n<p>La probl\u00e9matique du Passeport Mobilit\u00e9 Etudiant soumis \u00e0 un plafond de prise en charge de 220&nbsp;000 CFP alors que ce m\u00eame plafond \u00e9levait \u00e0 350&nbsp;000 CFP l\u2019an dernier est abord\u00e9e. Un parent am\u00e8ne le fait que les textes qui r\u00e9gissent le Passeport Mobilit\u00e9 Etudiant ne pr\u00e9cisent aucun plafond et que si un parent am\u00e8ne cette affaire au Tribunal Administratif, cela fera jurisprudence et qu\u2019il n\u2019y aura plus de plafond\u2026 M. le Pr\u00e9fet annonce que<strong> contrairement \u00e0 l\u2019an dernier et \u00e0 une annonce tardive de la modification du plafond, cette ann\u00e9e, avant le 15 mai, il communiquera \u00e0 l\u2019Association le nouveau plafond.<\/strong><\/p>\n\n\n\n<p>Par ailleurs, l&rsquo;asso signale le besoin de la place d\u2019un <strong>v\u00e9ritable guichet unique<\/strong> permettant d\u2019assurer l\u2019aide et le suivi des \u00e9tudiants sur leur site d\u2019\u00e9tudes \u00e0 l\u2019exemple de la maison de la Nouvelle-Cal\u00e9donie \u00e0 Paris&#8230;<\/p>\n\n\n\n<p><strong>Enfin<\/strong>, <strong>le 5 juin, notre pr\u00e9sident re\u00e7oit l&rsquo;information de la reconduction du plafond \u00e0 350000 CFP!<\/strong><\/p>\n","protected":false},"excerpt":{"rendered":"<p>JONATHAN le 21 avril 2023 : probl\u00e9matique du Passeport Mobilit\u00e9 Etudiant soumis \u00e0 un plafond La probl\u00e9matique du Passeport Mobilit\u00e9 Etudiant soumis \u00e0 un plafond de prise en charge de 220&nbsp;000 CFP alors que ce m\u00eame plafond \u00e9levait \u00e0 350&nbsp;000 CFP l\u2019an dernier est abord\u00e9e. Un parent am\u00e8ne le fait que les textes qui r\u00e9gissent&hellip; <a class=\"more-link\" href=\"https:\/\/apewf.malo.wf\/index.php\/entrevue-de-lassociation-avec-monsieur-le-prefet-jonathan-le-21-avril-2023-problematique-du-passeport-mobilite-etudiant-soumis-a-un-plafond\/\">Poursuivre la lecture <span class=\"screen-reader-text\">Entrevue avec Monsieur le Pr\u00e9fet<\/span><\/a><\/p>\n","protected":false},"author":1,"featured_media":0,"parent":0,"menu_order":0,"comment_status":"closed","ping_status":"closed","template":"","meta":{"footnotes":""},"class_list":["post-228","page","type-page","status-publish","hentry","entry"],"_links":{"self":[{"href":"https:\/\/apewf.malo.wf\/index.php\/wp-json\/wp\/v2\/pages\/228","targetHints":{"allow":["GET"]}}],"collection":[{"href":"https:\/\/apewf.malo.wf\/index.php\/wp-json\/wp\/v2\/pages"}],"about":[{"href":"https:\/\/apewf.malo.wf\/index.php\/wp-json\/wp\/v2\/types\/page"}],"author":[{"embeddable":true,"href":"https:\/\/apewf.malo.wf\/index.php\/wp-json\/wp\/v2\/users\/1"}],"replies":[{"embeddable":true,"href":"https:\/\/apewf.malo.wf\/index.php\/wp-json\/wp\/v2\/comments?post=228"}],"version-history":[{"count":3,"href":"https:\/\/apewf.malo.wf\/index.php\/wp-json\/wp\/v2\/pages\/228\/revisions"}],"predecessor-version":[{"id":315,"href":"https:\/\/apewf.malo.wf\/index.php\/wp-json\/wp\/v2\/pages\/228\/revisions\/315"}],"wp:attachment":[{"href":"https:\/\/apewf.malo.wf\/index.php\/wp-json\/wp\/v2\/media?parent=228"}],"curies":[{"name":"wp","href":"https:\/\/api.w.org\/{rel}","templated":true}]}}