{"id":20,"date":"2023-08-02T03:58:43","date_gmt":"2023-08-02T01:58:43","guid":{"rendered":"https:\/\/apewf.malo.wf\/?page_id=20"},"modified":"2023-08-02T05:12:40","modified_gmt":"2023-08-02T03:12:40","slug":"les-etudes-superieures-en-nouvelle-caledonie","status":"publish","type":"page","link":"https:\/\/apewf.malo.wf\/index.php\/les-etudes-superieures-en-nouvelle-caledonie\/","title":{"rendered":"Les \u00e9tudes sup\u00e9rieures en Nouvelle-Cal\u00e9donie"},"content":{"rendered":"\n<p>Nous consignons ici les d\u00e9marches et exigences pour la Nouvelle-Cal\u00e9donie&#8230;<\/p>\n\n\n\n<p>Disponible sur le <strong>site du vice-rectorat de Nouvelle-Cal\u00e9donie<\/strong>,<\/p>\n\n\n\n<p>rubrique \u00ab\u00a0Bourses \u00e9tudiantes pour des \u00e9tudes sup\u00e9rieures en Nouvelle-Cal\u00e9donie\u00a0\u00bb.<\/p>\n\n\n\n<p><\/p>\n\n\n\n<div class=\"wp-block-buttons is-layout-flex wp-block-buttons-is-layout-flex\">\n<div class=\"wp-block-button\"><a class=\"wp-block-button__link wp-element-button\">Liste des pi\u00e8ces \u00e0 fournir &#8211; r\u00e9sident des \u00eeles de Wallis et Futuna &#8211; rentr\u00e9e 2024 (PDF &#8211; 979.4&nbsp;ko)<\/a><\/div>\n<\/div>\n\n\n\n<div class=\"wp-block-buttons is-layout-flex wp-block-buttons-is-layout-flex\">\n<div class=\"wp-block-button\"><a class=\"wp-block-button__link wp-element-button\">https:\/\/www.ac-noumea.nc\/IMG\/pdf\/depliant_wf_2024.pdf<\/a><\/div>\n<\/div>\n","protected":false},"excerpt":{"rendered":"<p>Nous consignons ici les d\u00e9marches et exigences pour la Nouvelle-Cal\u00e9donie&#8230; Disponible sur le site du vice-rectorat de Nouvelle-Cal\u00e9donie, rubrique \u00ab\u00a0Bourses \u00e9tudiantes pour des \u00e9tudes sup\u00e9rieures en Nouvelle-Cal\u00e9donie\u00a0\u00bb.<\/p>\n","protected":false},"author":1,"featured_media":0,"parent":0,"menu_order":0,"comment_status":"closed","ping_status":"closed","template":"","meta":{"footnotes":""},"class_list":["post-20","page","type-page","status-publish","hentry","entry"],"_links":{"self":[{"href":"https:\/\/apewf.malo.wf\/index.php\/wp-json\/wp\/v2\/pages\/20","targetHints":{"allow":["GET"]}}],"collection":[{"href":"https:\/\/apewf.malo.wf\/index.php\/wp-json\/wp\/v2\/pages"}],"about":[{"href":"https:\/\/apewf.malo.wf\/index.php\/wp-json\/wp\/v2\/types\/page"}],"author":[{"embeddable":true,"href":"https:\/\/apewf.malo.wf\/index.php\/wp-json\/wp\/v2\/users\/1"}],"replies":[{"embeddable":true,"href":"https:\/\/apewf.malo.wf\/index.php\/wp-json\/wp\/v2\/comments?post=20"}],"version-history":[{"count":3,"href":"https:\/\/apewf.malo.wf\/index.php\/wp-json\/wp\/v2\/pages\/20\/revisions"}],"predecessor-version":[{"id":29,"href":"https:\/\/apewf.malo.wf\/index.php\/wp-json\/wp\/v2\/pages\/20\/revisions\/29"}],"wp:attachment":[{"href":"https:\/\/apewf.malo.wf\/index.php\/wp-json\/wp\/v2\/media?parent=20"}],"curies":[{"name":"wp","href":"https:\/\/api.w.org\/{rel}","templated":true}]}}