{"id":15,"date":"2023-08-02T02:20:58","date_gmt":"2023-08-02T00:20:58","guid":{"rendered":"https:\/\/apewf.malo.wf\/?page_id=15"},"modified":"2023-11-13T05:24:14","modified_gmt":"2023-11-13T04:24:14","slug":"but-de-lassociation","status":"publish","type":"page","link":"https:\/\/apewf.malo.wf\/index.php\/but-de-lassociation\/","title":{"rendered":"BUTS DE L&rsquo;ASSOCIATION DES PARENTS D\u2019ETUDIANTS DE WALLIS-ET-FUTUNA (APEWF)"},"content":{"rendered":"\n<p> &#8230;de sa d\u00e9nomination officielle <strong>\u00ab\u00a0<em>ASSOCIATION DES PARENTS ELEVES ETUDIANTS EN NOUVELLE CALEDONIE FRANCE POLYNESIE FRANCAISE<\/em>\u00a0\u00bb<\/strong> (APEENCFPF)<\/p>\n\n\n\n<p>&#8211; Toute activit\u00e9 susceptible d&rsquo;apporter un soutien utile \u00e0 la bonne marche de la vie des \u00e9tudiants dans leurs \u00e9tablissements respectifs ou des \u00e9tudiants r\u00e9sidant chez des correspondants&nbsp;; toute activit\u00e9 contribuant \u00e0 l\u2019efficacit\u00e9 de l&rsquo;action des professeurs.<\/p>\n\n\n\n<p>&#8211; La solidarit\u00e9 et l&rsquo;entraide des familles, notamment dans l&rsquo;organisation de tout type de services et de toute \u0153uvre scolaire, p\u00e9ri et postscolaire, centres d&rsquo;orientation, bourses Etat et Territoriales, aides et pr\u00eats d&rsquo;honneur en faveur d\u2019\u00e9l\u00e8ves m\u00e9ritants, cercles d\u2019\u00e9tudes et, de mani\u00e8re g\u00e9n\u00e9rale, toute institution tendant aux m\u00eames fins ;<\/p>\n\n\n\n<p>&#8211; le partenariat et la collaboration avec toute association partageant nos objectifs en vue d&rsquo;une repr\u00e9sentation cons\u00e9quente de l&rsquo;ensemble des parents d&rsquo;\u00e9l\u00e8ves aupr\u00e8s des pouvoirs publics et des autorit\u00e9s constitu\u00e9es. Dans ce cadre, l\u2019APEENCFPF adh\u00e8re \u00e0 la F\u00e9d\u00e9ration des A. P. E. L., dont le si\u00e8ge est sis \u00e0 Mata\u2019Utu.<\/p>\n\n\n\n<p><\/p>\n","protected":false},"excerpt":{"rendered":"<p>&#8230;de sa d\u00e9nomination officielle \u00ab\u00a0ASSOCIATION DES PARENTS ELEVES ETUDIANTS EN NOUVELLE CALEDONIE FRANCE POLYNESIE FRANCAISE\u00a0\u00bb (APEENCFPF) &#8211; Toute activit\u00e9 susceptible d&rsquo;apporter un soutien utile \u00e0 la bonne marche de la vie des \u00e9tudiants dans leurs \u00e9tablissements respectifs ou des \u00e9tudiants r\u00e9sidant chez des correspondants&nbsp;; toute activit\u00e9 contribuant \u00e0 l\u2019efficacit\u00e9 de l&rsquo;action des professeurs. &#8211; La&hellip; <a class=\"more-link\" href=\"https:\/\/apewf.malo.wf\/index.php\/but-de-lassociation\/\">Poursuivre la lecture <span class=\"screen-reader-text\">BUTS DE L&rsquo;ASSOCIATION DES PARENTS D\u2019ETUDIANTS DE WALLIS-ET-FUTUNA (APEWF)<\/span><\/a><\/p>\n","protected":false},"author":1,"featured_media":0,"parent":0,"menu_order":0,"comment_status":"closed","ping_status":"closed","template":"","meta":{"footnotes":""},"class_list":["post-15","page","type-page","status-publish","hentry","entry"],"_links":{"self":[{"href":"https:\/\/apewf.malo.wf\/index.php\/wp-json\/wp\/v2\/pages\/15","targetHints":{"allow":["GET"]}}],"collection":[{"href":"https:\/\/apewf.malo.wf\/index.php\/wp-json\/wp\/v2\/pages"}],"about":[{"href":"https:\/\/apewf.malo.wf\/index.php\/wp-json\/wp\/v2\/types\/page"}],"author":[{"embeddable":true,"href":"https:\/\/apewf.malo.wf\/index.php\/wp-json\/wp\/v2\/users\/1"}],"replies":[{"embeddable":true,"href":"https:\/\/apewf.malo.wf\/index.php\/wp-json\/wp\/v2\/comments?post=15"}],"version-history":[{"count":7,"href":"https:\/\/apewf.malo.wf\/index.php\/wp-json\/wp\/v2\/pages\/15\/revisions"}],"predecessor-version":[{"id":547,"href":"https:\/\/apewf.malo.wf\/index.php\/wp-json\/wp\/v2\/pages\/15\/revisions\/547"}],"wp:attachment":[{"href":"https:\/\/apewf.malo.wf\/index.php\/wp-json\/wp\/v2\/media?parent=15"}],"curies":[{"name":"wp","href":"https:\/\/api.w.org\/{rel}","templated":true}]}}